{"id":192,"date":"2023-08-28T04:57:47","date_gmt":"2023-08-28T04:57:47","guid":{"rendered":"https:\/\/teknesol.com\/site\/?page_id=192"},"modified":"2023-08-28T05:42:23","modified_gmt":"2023-08-28T05:42:23","slug":"services","status":"publish","type":"page","link":"https:\/\/teknesol.com\/site\/services\/","title":{"rendered":"Nuestros Servicios"},"content":{"rendered":"\n<div class=\"wp-block-group is-layout-constrained wp-container-core-group-is-layout-80fb368b wp-block-group-is-layout-constrained\" style=\"padding-top:var(--wp--preset--spacing--30);padding-right:var(--wp--preset--spacing--30);padding-bottom:var(--wp--preset--spacing--30);padding-left:var(--wp--preset--spacing--30)\">\n<h1 class=\"wp-block-heading has-footer-copy-right-background-color has-text-color\">\u00bfC\u00f3mo podemos ayudarte?<\/h1>\n\n\n\n<h2 class=\"wp-block-heading has-footer-copy-right-background-color has-text-color\">Contamos con una amplia gama de servicios especializados que tienen como base la practicidad para enfrentar retos en el mercado local e internacional.<\/h2>\n<\/div>\n\n\n\n<div class=\"wp-block-group is-layout-constrained wp-container-core-group-is-layout-80fb368b wp-block-group-is-layout-constrained\" style=\"border-width:3px;padding-top:var(--wp--preset--spacing--30);padding-right:var(--wp--preset--spacing--30);padding-bottom:var(--wp--preset--spacing--30);padding-left:var(--wp--preset--spacing--30)\">\n<div class=\"wp-block-media-text is-stacked-on-mobile\" style=\"padding-right:var(--wp--preset--spacing--40);padding-left:var(--wp--preset--spacing--40);grid-template-columns:21% auto\"><figure class=\"wp-block-media-text__media\"><img loading=\"lazy\" decoding=\"async\" width=\"233\" height=\"184\" src=\"https:\/\/teknesol.com\/site\/wp-content\/uploads\/2023\/08\/Seguridad-y-Tenologia.png\" alt=\"\" class=\"wp-image-194 size-full\"\/><\/figure><div class=\"wp-block-media-text__content\">\n<ul class=\"wp-block-list\">\n<li>Diagn\u00f3sticos y an\u00e1lisis de brechas de Ciberseguridad basados en la norma ISO 27000, NIST, COBIT, SOC Tipo 2\/3 y el Reglamento de seguridad Cibern\u00e9tica y de la Informaci\u00f3n.<\/li>\n\n\n\n<li>Servicios de pruebas de intrusi\u00f3n (PenTest) y An\u00e1lisis de vulnerabilidades.<\/li>\n\n\n\n<li>Administraci\u00f3n del monitoreo del Centro de C\u00f3mputos a trav\u00e9s de Security Operations Center (SOC).<\/li>\n\n\n\n<li>Asesor\u00eda en la definici\u00f3n de normas y pol\u00edticas de TI y Ciberseguridad basado en COBIT, ITIL e ISO 27002.<\/li>\n\n\n\n<li>Evaluaci\u00f3n del Ciclo de Desarrollo de Sistemas.<\/li>\n\n\n\n<li>Fortalecimiento de Par\u00e1metros de Seguridad de Sistemas (Hardening).<\/li>\n\n\n\n<li>Talleres de Ciberseguridad, Continuidad del negocio y Riesgos<\/li>\n\n\n\n<li>Diagn\u00f3stico y reestructuraci\u00f3n&nbsp; de la funci\u00f3n de Ciberseguridad y TI.<\/li>\n<\/ul>\n<\/div><\/div>\n<\/div>\n\n\n\n<div class=\"wp-block-group is-layout-constrained wp-container-core-group-is-layout-80fb368b wp-block-group-is-layout-constrained\" style=\"border-width:3px;padding-top:var(--wp--preset--spacing--30);padding-right:var(--wp--preset--spacing--30);padding-bottom:var(--wp--preset--spacing--30);padding-left:var(--wp--preset--spacing--30)\">\n<div class=\"wp-block-media-text is-stacked-on-mobile\" style=\"padding-right:var(--wp--preset--spacing--40);padding-left:var(--wp--preset--spacing--40);grid-template-columns:21% auto\"><figure class=\"wp-block-media-text__media\"><img loading=\"lazy\" decoding=\"async\" width=\"236\" height=\"185\" src=\"https:\/\/teknesol.com\/site\/wp-content\/uploads\/2023\/08\/Continuidad-del-Negocio.png\" alt=\"\" class=\"wp-image-196 size-full\"\/><\/figure><div class=\"wp-block-media-text__content\">\n<ul class=\"wp-block-list\">\n<li>An\u00e1lisis y evaluaci\u00f3n de la Gesti\u00f3n de Continuidad del Negocio (BCM Healthcheck).<\/li>\n\n\n\n<li>Desarrollo de BIA (Business Impact Analysis).<\/li>\n\n\n\n<li>Desarrollo de estrategias para la continuidad operativa y de servicios.<\/li>\n\n\n\n<li>Desarrollo del Plan para la Continuidad de Negocios (BCP).<\/li>\n\n\n\n<li>Desarrollo del Plan de Recuperaci\u00f3n ante Desastres (DRP).<\/li>\n\n\n\n<li>Desarrollo del Plan de Respuesta a Emergencias.<\/li>\n<\/ul>\n<\/div><\/div>\n<\/div>\n\n\n\n<div class=\"wp-block-group is-layout-constrained wp-container-core-group-is-layout-80fb368b wp-block-group-is-layout-constrained\" style=\"border-width:3px;padding-top:var(--wp--preset--spacing--30);padding-right:var(--wp--preset--spacing--30);padding-bottom:var(--wp--preset--spacing--30);padding-left:var(--wp--preset--spacing--30)\">\n<div class=\"wp-block-media-text is-stacked-on-mobile\" style=\"padding-right:var(--wp--preset--spacing--40);padding-left:var(--wp--preset--spacing--40);grid-template-columns:21% auto\"><figure class=\"wp-block-media-text__media\"><img loading=\"lazy\" decoding=\"async\" width=\"236\" height=\"178\" src=\"https:\/\/teknesol.com\/site\/wp-content\/uploads\/2023\/08\/Auditoria-Tecnologica.png\" alt=\"\" class=\"wp-image-197 size-full\"\/><\/figure><div class=\"wp-block-media-text__content\">\n<ul class=\"wp-block-list\">\n<li>Outsourcing y cosourcing de Auditor\u00eda Interna basada en riesgos para los procesos tecnol\u00f3gicos y de Ciberseguridad.<\/li>\n\n\n\n<li>Asesor\u00eda en la creaci\u00f3n del manual de Auditor\u00eda Interna y planes de auditor\u00eda anual.<\/li>\n<\/ul>\n<\/div><\/div>\n<\/div>\n\n\n\n<div class=\"wp-block-group is-layout-constrained wp-container-core-group-is-layout-80fb368b wp-block-group-is-layout-constrained\" style=\"border-width:3px;padding-top:var(--wp--preset--spacing--30);padding-right:var(--wp--preset--spacing--30);padding-bottom:var(--wp--preset--spacing--30);padding-left:var(--wp--preset--spacing--30)\">\n<div class=\"wp-block-media-text is-stacked-on-mobile\" style=\"padding-right:var(--wp--preset--spacing--40);padding-left:var(--wp--preset--spacing--40);grid-template-columns:21% auto\"><figure class=\"wp-block-media-text__media\"><img loading=\"lazy\" decoding=\"async\" width=\"233\" height=\"177\" src=\"https:\/\/teknesol.com\/site\/wp-content\/uploads\/2023\/08\/Cumplimiento-y-Control-Interno.png\" alt=\"\" class=\"wp-image-198 size-full\"\/><\/figure><div class=\"wp-block-media-text__content\">\n<ul class=\"wp-block-list\">\n<li>Apoyo en el desarrollo de la metodolog\u00eda de gesti\u00f3n de riesgos tecnol\u00f3gicos y ciberseguridad.<\/li>\n\n\n\n<li>Servicios especializados de an\u00e1lisis y evaluaci\u00f3n de riesgos operativos, de ciberseguridad y tecnol\u00f3gicos.<\/li>\n\n\n\n<li>Desarrollo de matrices e indicadores de riesgos (KRI).<\/li>\n<\/ul>\n<\/div><\/div>\n<\/div>\n\n\n\n<div class=\"wp-block-group is-layout-constrained wp-container-core-group-is-layout-80fb368b wp-block-group-is-layout-constrained\" style=\"border-width:3px;padding-top:var(--wp--preset--spacing--30);padding-right:var(--wp--preset--spacing--30);padding-bottom:var(--wp--preset--spacing--30);padding-left:var(--wp--preset--spacing--30)\">\n<div class=\"wp-block-media-text is-stacked-on-mobile\" style=\"padding-right:var(--wp--preset--spacing--40);padding-left:var(--wp--preset--spacing--40);grid-template-columns:21% auto\"><figure class=\"wp-block-media-text__media\"><img loading=\"lazy\" decoding=\"async\" width=\"236\" height=\"176\" src=\"https:\/\/teknesol.com\/site\/wp-content\/uploads\/2023\/08\/Cumplimiento.png\" alt=\"\" class=\"wp-image-199 size-full\"\/><\/figure><div class=\"wp-block-media-text__content\">\n<ul class=\"wp-block-list\">\n<li>Auditor\u00eda anual sobre el programa de seguridad cibern\u00e9tica y de la informaci\u00f3n, ISO27K, SOC 2 Tipo 2\/3.<\/li>\n\n\n\n<li>Identificaci\u00f3n y evaluaci\u00f3n de riesgos de cumplimiento frente al Reglamento de Seguridad Cibern\u00e9tica y de la Informaci\u00f3n.<\/li>\n\n\n\n<li>Evaluaci\u00f3n, optimizaci\u00f3n y cumplimiento de ISO 27k, COBIT, SOC, otros.<\/li>\n\n\n\n<li>Establecimiento de la estructura de gobernanza para el cumplimiento con regulaciones de Ciberseguridad y Tecnolog\u00eda.<\/li>\n\n\n\n<li>Evaluaci\u00f3n de la cultura de Seguridad de la Informaci\u00f3n a trav\u00e9s de la organizaci\u00f3n.<\/li>\n<\/ul>\n<\/div><\/div>\n<\/div>\n","protected":false},"excerpt":{"rendered":"<p>\u00bfC\u00f3mo podemos ayudarte? Contamos con una amplia gama de servicios especializados que tienen como base [&hellip;]<\/p>\n","protected":false},"author":1,"featured_media":0,"parent":0,"menu_order":0,"comment_status":"closed","ping_status":"closed","template":"","meta":{"footnotes":""},"class_list":["post-192","page","type-page","status-publish","hentry"],"_links":{"self":[{"href":"https:\/\/teknesol.com\/site\/wp-json\/wp\/v2\/pages\/192","targetHints":{"allow":["GET"]}}],"collection":[{"href":"https:\/\/teknesol.com\/site\/wp-json\/wp\/v2\/pages"}],"about":[{"href":"https:\/\/teknesol.com\/site\/wp-json\/wp\/v2\/types\/page"}],"author":[{"embeddable":true,"href":"https:\/\/teknesol.com\/site\/wp-json\/wp\/v2\/users\/1"}],"replies":[{"embeddable":true,"href":"https:\/\/teknesol.com\/site\/wp-json\/wp\/v2\/comments?post=192"}],"version-history":[{"count":7,"href":"https:\/\/teknesol.com\/site\/wp-json\/wp\/v2\/pages\/192\/revisions"}],"predecessor-version":[{"id":212,"href":"https:\/\/teknesol.com\/site\/wp-json\/wp\/v2\/pages\/192\/revisions\/212"}],"wp:attachment":[{"href":"https:\/\/teknesol.com\/site\/wp-json\/wp\/v2\/media?parent=192"}],"curies":[{"name":"wp","href":"https:\/\/api.w.org\/{rel}","templated":true}]}}